{"id":6,"date":"2021-07-12T16:20:26","date_gmt":"2021-07-12T16:20:26","guid":{"rendered":"https:\/\/contacto.solarlatam.com\/?page_id=6"},"modified":"2021-08-03T18:37:17","modified_gmt":"2021-08-03T18:37:17","slug":"home","status":"publish","type":"page","link":"https:\/\/contacto.solarlatam.com\/","title":{"rendered":"Home"},"content":{"rendered":"<p>[et_pb_section fb_built=&#8221;1&#8243; admin_label=&#8221;Gradient Background Color Section&#8221; module_id=&#8221;contacto&#8221; _builder_version=&#8221;4.9.10&#8243; background_color_gradient_direction=&#8221;90deg&#8221; background_image=&#8221;http:\/\/contacto.solarlatam.com\/wp-content\/uploads\/2021\/08\/fondo11-scaled.jpg&#8221; custom_margin=&#8221;||-1px|||&#8221; custom_margin_tablet=&#8221;||0px|&#8221; custom_margin_phone=&#8221;&#8221; custom_margin_last_edited=&#8221;on|phone&#8221; custom_padding=&#8221;4.9%||101px||false|false&#8221;][et_pb_row _builder_version=&#8221;3.25&#8243;][et_pb_column type=&#8221;4_4&#8243; _builder_version=&#8221;3.25&#8243; custom_padding=&#8221;|||&#8221; custom_padding__hover=&#8221;|||&#8221;][et_pb_text _builder_version=&#8221;3.27.4&#8243; text_font=&#8221;Montserrat|700|||||||&#8221;][\/et_pb_text][et_pb_text _builder_version=&#8221;4.9.10&#8243; text_font=&#8221;Montserrat|700|||||||&#8221; text_text_color=&#8221;#ffffff&#8221; text_font_size=&#8221;24px&#8221;]<\/p>\n<p style=\"text-align: center;\"><span>Dejanos tus datos y te confeccionamos una propuesta a medida.\u00a0<\/span><\/p>\n<p>[\/et_pb_text][et_pb_text _builder_version=&#8221;4.9.10&#8243; text_font=&#8221;Montserrat|500|||||||&#8221; text_text_color=&#8221;#FFFFFF&#8221; text_font_size=&#8221;16px&#8221; text_orientation=&#8221;center&#8221; hover_enabled=&#8221;0&#8243; sticky_enabled=&#8221;0&#8243;]<\/p>\n<p><span>En SolarLatam apostamos a que las energ\u00edas renovables cada vez sean m\u00e1s conocidas y est\u00e9n al alcance de las familias y empresas.\u00a0<\/span><\/p>\n<p>[\/et_pb_text][et_pb_contact_form email=&#8221;comercial@solarlatam.com&#8221; custom_message=&#8221;%%Nombre%%||et_pb_line_break_holder||%%Tel\u00e9fono%%||et_pb_line_break_holder||%%Localidad%%||et_pb_line_break_holder||%%Email%%||et_pb_line_break_holder||%%Interes%%||et_pb_line_break_holder||%%Mensaje%%&#8221; success_message=&#8221;Muchas gracias por enviarnos tu consulta, a la brevedad un asesor comercial te estar\u00e1 contactando.&#8221; submit_button_text=&#8221;ENVIAR&#8221; module_id=&#8221;et_pb_contact_form_1&#8243; _builder_version=&#8221;4.9.10&#8243; form_field_background_color=&#8221;#FFFFFF&#8221; form_field_font=&#8221;Montserrat|300|||||||&#8221; form_field_font_size=&#8221;13px&#8221; custom_button=&#8221;on&#8221; button_text_size=&#8221;17px&#8221; button_text_color=&#8221;#636363&#8243; button_bg_color=&#8221;#febe10&#8243; button_border_width=&#8221;0px&#8221; button_border_radius=&#8221;86px&#8221; button_font=&#8221;Montserrat|300|||||||&#8221; button_use_icon=&#8221;off&#8221; custom_padding=&#8221;10px|10px|10px|10px&#8221; hover_enabled=&#8221;0&#8243; border_radii=&#8221;on|30px|30px|30px|30px&#8221; form_background_color=&#8221;#FFFFFF&#8221; button_bg_color_hover=&#8221;#ffd04f&#8221; captcha_text_color=&#8221;#FFFFFF&#8221; sticky_enabled=&#8221;0&#8243;][et_pb_contact_field field_id=&#8221;Nombre&#8221; field_title=&#8221;Nombre y apellido&#8221; _builder_version=&#8221;4.9.10&#8243; button_text_size__hover_enabled=&#8221;off&#8221; button_one_text_size__hover_enabled=&#8221;off&#8221; button_two_text_size__hover_enabled=&#8221;off&#8221; button_text_color__hover_enabled=&#8221;off&#8221; button_one_text_color__hover_enabled=&#8221;off&#8221; button_two_text_color__hover_enabled=&#8221;off&#8221; button_border_width__hover_enabled=&#8221;off&#8221; button_one_border_width__hover_enabled=&#8221;off&#8221; button_two_border_width__hover_enabled=&#8221;off&#8221; button_border_color__hover_enabled=&#8221;off&#8221; button_one_border_color__hover_enabled=&#8221;off&#8221; button_two_border_color__hover_enabled=&#8221;off&#8221; button_border_radius__hover_enabled=&#8221;off&#8221; button_one_border_radius__hover_enabled=&#8221;off&#8221; button_two_border_radius__hover_enabled=&#8221;off&#8221; button_letter_spacing__hover_enabled=&#8221;off&#8221; button_one_letter_spacing__hover_enabled=&#8221;off&#8221; button_two_letter_spacing__hover_enabled=&#8221;off&#8221; button_bg_color__hover_enabled=&#8221;off&#8221; button_one_bg_color__hover_enabled=&#8221;off&#8221; button_two_bg_color__hover_enabled=&#8221;off&#8221;][\/et_pb_contact_field][et_pb_contact_field field_id=&#8221;Tel\u00e9fono&#8221; field_title=&#8221;Tel\u00e9fono&#8221; _builder_version=&#8221;4.9.10&#8243; button_text_size__hover_enabled=&#8221;off&#8221; button_one_text_size__hover_enabled=&#8221;off&#8221; button_two_text_size__hover_enabled=&#8221;off&#8221; button_text_color__hover_enabled=&#8221;off&#8221; button_one_text_color__hover_enabled=&#8221;off&#8221; button_two_text_color__hover_enabled=&#8221;off&#8221; button_border_width__hover_enabled=&#8221;off&#8221; button_one_border_width__hover_enabled=&#8221;off&#8221; button_two_border_width__hover_enabled=&#8221;off&#8221; button_border_color__hover_enabled=&#8221;off&#8221; button_one_border_color__hover_enabled=&#8221;off&#8221; button_two_border_color__hover_enabled=&#8221;off&#8221; button_border_radius__hover_enabled=&#8221;off&#8221; button_one_border_radius__hover_enabled=&#8221;off&#8221; button_two_border_radius__hover_enabled=&#8221;off&#8221; button_letter_spacing__hover_enabled=&#8221;off&#8221; button_one_letter_spacing__hover_enabled=&#8221;off&#8221; button_two_letter_spacing__hover_enabled=&#8221;off&#8221; button_bg_color__hover_enabled=&#8221;off&#8221; button_one_bg_color__hover_enabled=&#8221;off&#8221; button_two_bg_color__hover_enabled=&#8221;off&#8221;][\/et_pb_contact_field][et_pb_contact_field field_id=&#8221;Localidad&#8221; field_title=&#8221;Localidad&#8221; _builder_version=&#8221;4.9.10&#8243; button_text_size__hover_enabled=&#8221;off&#8221; button_one_text_size__hover_enabled=&#8221;off&#8221; button_two_text_size__hover_enabled=&#8221;off&#8221; button_text_color__hover_enabled=&#8221;off&#8221; button_one_text_color__hover_enabled=&#8221;off&#8221; button_two_text_color__hover_enabled=&#8221;off&#8221; button_border_width__hover_enabled=&#8221;off&#8221; button_one_border_width__hover_enabled=&#8221;off&#8221; button_two_border_width__hover_enabled=&#8221;off&#8221; button_border_color__hover_enabled=&#8221;off&#8221; button_one_border_color__hover_enabled=&#8221;off&#8221; button_two_border_color__hover_enabled=&#8221;off&#8221; button_border_radius__hover_enabled=&#8221;off&#8221; button_one_border_radius__hover_enabled=&#8221;off&#8221; button_two_border_radius__hover_enabled=&#8221;off&#8221; button_letter_spacing__hover_enabled=&#8221;off&#8221; button_one_letter_spacing__hover_enabled=&#8221;off&#8221; button_two_letter_spacing__hover_enabled=&#8221;off&#8221; button_bg_color__hover_enabled=&#8221;off&#8221; button_one_bg_color__hover_enabled=&#8221;off&#8221; button_two_bg_color__hover_enabled=&#8221;off&#8221;][\/et_pb_contact_field][et_pb_contact_field field_id=&#8221;Email&#8221; field_title=&#8221;Email&#8221; field_type=&#8221;email&#8221; _builder_version=&#8221;4.9.10&#8243; button_text_size__hover_enabled=&#8221;off&#8221; button_one_text_size__hover_enabled=&#8221;off&#8221; button_two_text_size__hover_enabled=&#8221;off&#8221; button_text_color__hover_enabled=&#8221;off&#8221; button_one_text_color__hover_enabled=&#8221;off&#8221; button_two_text_color__hover_enabled=&#8221;off&#8221; button_border_width__hover_enabled=&#8221;off&#8221; button_one_border_width__hover_enabled=&#8221;off&#8221; button_two_border_width__hover_enabled=&#8221;off&#8221; button_border_color__hover_enabled=&#8221;off&#8221; button_one_border_color__hover_enabled=&#8221;off&#8221; button_two_border_color__hover_enabled=&#8221;off&#8221; button_border_radius__hover_enabled=&#8221;off&#8221; button_one_border_radius__hover_enabled=&#8221;off&#8221; button_two_border_radius__hover_enabled=&#8221;off&#8221; button_letter_spacing__hover_enabled=&#8221;off&#8221; button_one_letter_spacing__hover_enabled=&#8221;off&#8221; button_two_letter_spacing__hover_enabled=&#8221;off&#8221; button_bg_color__hover_enabled=&#8221;off&#8221; button_one_bg_color__hover_enabled=&#8221;off&#8221; button_two_bg_color__hover_enabled=&#8221;off&#8221;][\/et_pb_contact_field][et_pb_contact_field field_id=&#8221;Interes&#8221; field_title=&#8221;Quiero recibir informaci\u00f3n sobre&#8221; field_type=&#8221;select&#8221; select_options=&#8221;%91{%22value%22:%22Sistema de ahorro%22,%22checked%22:0,%22dragID%22:-1},{%22value%22:%22Grupo Solar%22,%22checked%22:0,%22dragID%22:0},{%22value%22:%22Climatizador de piscinas%22,%22checked%22:0,%22dragID%22:1},{%22value%22:%22Bombeo Solar%22,%22checked%22:0,%22dragID%22:2},{%22value%22:%22Mayorista%22,%22checked%22:0,%22dragID%22:3},{%22value%22:%22Embajador solar%22,%22checked%22:0,%22dragID%22:4}%93&#8243; _builder_version=&#8221;4.9.10&#8243; button_text_size__hover_enabled=&#8221;off&#8221; button_one_text_size__hover_enabled=&#8221;off&#8221; button_two_text_size__hover_enabled=&#8221;off&#8221; button_text_color__hover_enabled=&#8221;off&#8221; button_one_text_color__hover_enabled=&#8221;off&#8221; button_two_text_color__hover_enabled=&#8221;off&#8221; button_border_width__hover_enabled=&#8221;off&#8221; button_one_border_width__hover_enabled=&#8221;off&#8221; button_two_border_width__hover_enabled=&#8221;off&#8221; button_border_color__hover_enabled=&#8221;off&#8221; button_one_border_color__hover_enabled=&#8221;off&#8221; button_two_border_color__hover_enabled=&#8221;off&#8221; button_border_radius__hover_enabled=&#8221;off&#8221; button_one_border_radius__hover_enabled=&#8221;off&#8221; button_two_border_radius__hover_enabled=&#8221;off&#8221; button_letter_spacing__hover_enabled=&#8221;off&#8221; button_one_letter_spacing__hover_enabled=&#8221;off&#8221; button_two_letter_spacing__hover_enabled=&#8221;off&#8221; button_bg_color__hover_enabled=&#8221;off&#8221; button_one_bg_color__hover_enabled=&#8221;off&#8221; button_two_bg_color__hover_enabled=&#8221;off&#8221;][\/et_pb_contact_field][et_pb_contact_field field_id=&#8221;Mensaje&#8221; field_title=&#8221;Mensaje&#8221; field_type=&#8221;text&#8221; required_mark=&#8221;off&#8221; _builder_version=&#8221;4.9.10&#8243; button_text_size__hover_enabled=&#8221;off&#8221; button_one_text_size__hover_enabled=&#8221;off&#8221; button_two_text_size__hover_enabled=&#8221;off&#8221; button_text_color__hover_enabled=&#8221;off&#8221; button_one_text_color__hover_enabled=&#8221;off&#8221; button_two_text_color__hover_enabled=&#8221;off&#8221; button_border_width__hover_enabled=&#8221;off&#8221; button_one_border_width__hover_enabled=&#8221;off&#8221; button_two_border_width__hover_enabled=&#8221;off&#8221; button_border_color__hover_enabled=&#8221;off&#8221; button_one_border_color__hover_enabled=&#8221;off&#8221; button_two_border_color__hover_enabled=&#8221;off&#8221; button_border_radius__hover_enabled=&#8221;off&#8221; button_one_border_radius__hover_enabled=&#8221;off&#8221; button_two_border_radius__hover_enabled=&#8221;off&#8221; button_letter_spacing__hover_enabled=&#8221;off&#8221; button_one_letter_spacing__hover_enabled=&#8221;off&#8221; button_two_letter_spacing__hover_enabled=&#8221;off&#8221; button_bg_color__hover_enabled=&#8221;off&#8221; button_one_bg_color__hover_enabled=&#8221;off&#8221; button_two_bg_color__hover_enabled=&#8221;off&#8221;][\/et_pb_contact_field][\/et_pb_contact_form][et_pb_text _builder_version=&#8221;4.9.10&#8243; _module_preset=&#8221;default&#8221; text_text_color=&#8221;#FFFFFF&#8221; text_font_size=&#8221;12px&#8221; hover_enabled=&#8221;0&#8243; sticky_enabled=&#8221;0&#8243;]<\/p>\n<p style=\"text-align: right;\">Por favor colocar el resultado de la suma para enviar el formulario.<\/p>\n<p>[\/et_pb_text][\/et_pb_column][\/et_pb_row][\/et_pb_section][et_pb_section fb_built=&#8221;1&#8243; admin_label=&#8221;Service Section&#8221; module_id=&#8221;soluciones&#8221; _builder_version=&#8221;4.9.10&#8243; background_color=&#8221;#141414&#8243; background_image=&#8221;http:\/\/contacto.solarlatam.com\/wp-content\/uploads\/2021\/08\/fondo22-scaled.jpg&#8221; custom_margin=&#8221;|||&#8221; custom_padding=&#8221;110px||110px|&#8221;][et_pb_row admin_label=&#8221;Service Section Title&#8221; _builder_version=&#8221;3.25&#8243; custom_margin=&#8221;||40px|&#8221; animation_style=&#8221;fade&#8221; animation_direction=&#8221;top&#8221; saved_tabs=&#8221;all&#8221;][et_pb_column type=&#8221;4_4&#8243; _builder_version=&#8221;3.25&#8243; custom_padding=&#8221;|||&#8221; custom_padding__hover=&#8221;|||&#8221;][et_pb_text admin_label=&#8221;Title&#8221; _builder_version=&#8221;3.27.4&#8243; text_font=&#8221;Montserrat||||||||&#8221; text_text_color=&#8221;#FFFFFF&#8221; text_font_size=&#8221;16px&#8221; text_line_height=&#8221;1.9em&#8221; header_font=&#8221;||||||||&#8221; header_text_color=&#8221;#FFFFFF&#8221; header_2_font=&#8221;Montserrat|700||on|||||&#8221; header_2_text_color=&#8221;#FFFFFF&#8221; header_2_font_size=&#8221;42px&#8221; header_2_line_height=&#8221;1.3em&#8221; text_orientation=&#8221;center&#8221; max_width=&#8221;700px&#8221; module_alignment=&#8221;center&#8221; animation_style=&#8221;slide&#8221; animation_direction=&#8221;bottom&#8221; animation_intensity_slide=&#8221;4%&#8221;]<\/p>\n<h2>Nuestras soluciones<\/h2>\n<p>[\/et_pb_text][et_pb_text admin_label=&#8221;Subtitle&#8221; _builder_version=&#8221;3.27.4&#8243; text_font=&#8221;Montserrat||||&#8221; text_text_color=&#8221;#FFFFFF&#8221; text_font_size=&#8221;16px&#8221; text_line_height=&#8221;1.8em&#8221; header_font=&#8221;||||||||&#8221; text_orientation=&#8221;center&#8221; max_width=&#8221;700px&#8221; module_alignment=&#8221;center&#8221; custom_margin=&#8221;|||&#8221; animation_style=&#8221;slide&#8221; animation_direction=&#8221;bottom&#8221; animation_delay=&#8221;100ms&#8221; animation_intensity_slide=&#8221;4%&#8221;]<\/p>\n<p>Cubrimos las necesidades de los clientes para que puedan ser parte de este gran cambio para el planeta y que puedan mejorar su econom\u00eda.<\/p>\n<p>[\/et_pb_text][\/et_pb_column][\/et_pb_row][et_pb_row column_structure=&#8221;1_4,1_4,1_4,1_4&#8243; use_custom_gutter=&#8221;on&#8221; gutter_width=&#8221;2&#8243; make_equal=&#8221;on&#8221; admin_label=&#8221;Services&#8221; _builder_version=&#8221;3.25&#8243; max_width=&#8221;80%&#8221; custom_padding=&#8221;25px||25px|&#8221; use_custom_width=&#8221;on&#8221; width_unit=&#8221;off&#8221;][et_pb_column type=&#8221;1_4&#8243; _builder_version=&#8221;3.25&#8243; custom_padding=&#8221;|||&#8221; custom_padding__hover=&#8221;|||&#8221;][et_pb_blurb title=&#8221;Sistema de Ahorro&#8221; image=&#8221;http:\/\/contacto.solarlatam.com\/wp-content\/uploads\/2021\/07\/casa-1.png&#8221; _builder_version=&#8221;4.9.10&#8243; header_font=&#8221;Montserrat|700||on|||||&#8221; header_text_color=&#8221;#FFFFFF&#8221; header_font_size=&#8221;15px&#8221; header_line_height=&#8221;1.4em&#8221; body_font=&#8221;Montserrat||||&#8221; body_text_color=&#8221;#FFFFFF&#8221; body_font_size=&#8221;12px&#8221; body_line_height=&#8221;1.8em&#8221; text_orientation=&#8221;center&#8221; custom_padding=&#8221;10px|30px|10px|10px|false|false&#8221; animation_style=&#8221;zoom&#8221; border_width_all=&#8221;0px&#8221; border_color_all=&#8221;#dddddd&#8221; border_style_all=&#8221;solid&#8221; use_border_color=&#8221;on&#8221; border_color=&#8221;#dddddd&#8221;]<\/p>\n<p style=\"text-align: justify;\"><span>Los sistemas fotovoltaicos aprovechan la energ\u00eda generada por el sol y la transforman en energ\u00eda el\u00e9ctrica \u00fatil para todos los artefactos el\u00e9ctricos del hogar. Proponen un auto consumo durante el horario de sol.<\/span><\/p>\n<p>[\/et_pb_blurb][\/et_pb_column][et_pb_column type=&#8221;1_4&#8243; _builder_version=&#8221;3.25&#8243; custom_padding=&#8221;|||&#8221; custom_padding__hover=&#8221;|||&#8221;][et_pb_blurb title=&#8221;Grupo solar&#8221; image=&#8221;http:\/\/contacto.solarlatam.com\/wp-content\/uploads\/2021\/08\/bateria-1.png&#8221; _builder_version=&#8221;4.9.10&#8243; header_font=&#8221;Montserrat|700||on|||||&#8221; header_text_color=&#8221;#FFFFFF&#8221; header_font_size=&#8221;15px&#8221; header_line_height=&#8221;1.4em&#8221; body_font=&#8221;Montserrat||||&#8221; body_text_color=&#8221;#FFFFFF&#8221; body_font_size=&#8221;12px&#8221; body_line_height=&#8221;1.8em&#8221; text_orientation=&#8221;center&#8221; custom_padding=&#8221;10px|30px|10px|10px|false|false&#8221; animation_style=&#8221;zoom&#8221; border_width_all=&#8221;0px&#8221; border_color_all=&#8221;#dddddd&#8221; border_style_all=&#8221;solid&#8221; use_border_color=&#8221;on&#8221; border_color=&#8221;#dddddd&#8221;]<\/p>\n<p style=\"text-align: justify;\"><span>Los grupos solares proponen mantener tu hogar conectado las 24hs. Son ideales para aquellas situaciones en donde se experimentan reiterados cortes de luz. Trabajamos l\u00ednea monof\u00e1sica y trif\u00e1sica.<\/span><\/p>\n<p>[\/et_pb_blurb][\/et_pb_column][et_pb_column type=&#8221;1_4&#8243; _builder_version=&#8221;3.25&#8243; custom_padding=&#8221;|||&#8221; custom_padding__hover=&#8221;|||&#8221;][et_pb_blurb title=&#8221;climatizaci\u00f3n solar&#8221; image=&#8221;http:\/\/contacto.solarlatam.com\/wp-content\/uploads\/2021\/07\/pileta.png&#8221; _builder_version=&#8221;4.9.10&#8243; header_font=&#8221;Montserrat|700||on|||||&#8221; header_text_color=&#8221;#FFFFFF&#8221; header_font_size=&#8221;15px&#8221; header_line_height=&#8221;1.4em&#8221; body_font=&#8221;Montserrat||||&#8221; body_text_color=&#8221;#FFFFFF&#8221; body_font_size=&#8221;12px&#8221; body_line_height=&#8221;1.8em&#8221; text_orientation=&#8221;center&#8221; custom_padding=&#8221;10px|30px|10px|10px|false|false&#8221; animation_style=&#8221;zoom&#8221; border_width_all=&#8221;0px&#8221; border_color_all=&#8221;#dddddd&#8221; border_style_all=&#8221;solid&#8221; use_border_color=&#8221;on&#8221; border_color=&#8221;#dddddd&#8221;]<\/p>\n<p style=\"text-align: justify;\"><span>Los sistemas climatizan el agua de tu piscina utilizando la energ\u00eda del sol. Podes extender la temporada de uso desde septiembre hasta abril, logrando temperaturas de 21\u00b0 hasta 32\u00b0 en los meses de mayor radiaci\u00f3n.<\/span><\/p>\n<p>[\/et_pb_blurb][\/et_pb_column][et_pb_column type=&#8221;1_4&#8243; _builder_version=&#8221;3.25&#8243; custom_padding=&#8221;|||&#8221; custom_padding__hover=&#8221;|||&#8221;][et_pb_blurb title=&#8221;bombeo solar&#8221; image=&#8221;http:\/\/contacto.solarlatam.com\/wp-content\/uploads\/2021\/08\/canilla8.png&#8221; _builder_version=&#8221;4.9.10&#8243; header_font=&#8221;Montserrat|700||on|||||&#8221; header_text_color=&#8221;#FFFFFF&#8221; header_font_size=&#8221;15px&#8221; header_line_height=&#8221;1.4em&#8221; body_font=&#8221;Montserrat||||&#8221; body_text_color=&#8221;#FFFFFF&#8221; body_font_size=&#8221;12px&#8221; body_line_height=&#8221;1.8em&#8221; text_orientation=&#8221;center&#8221; custom_margin=&#8221;|1px|||false|false&#8221; custom_padding=&#8221;10px|10px|10px|10px|false|false&#8221; animation_style=&#8221;zoom&#8221; hover_enabled=&#8221;0&#8243; border_width_all=&#8221;0px&#8221; border_color_all=&#8221;#dddddd&#8221; border_style_all=&#8221;solid&#8221; use_border_color=&#8221;on&#8221; border_color=&#8221;#dddddd&#8221; title_text=&#8221;canilla8&#8243; sticky_enabled=&#8221;0&#8243;]<\/p>\n<p style=\"text-align: justify;\"><span>Las bombas solares se utilizan para la extracci\u00f3n de agua y llenado de tanques australianos o elevados, y pueden utilizarse para riego y consumo de animales.<\/span><\/p>\n<p>[\/et_pb_blurb][\/et_pb_column][\/et_pb_row][\/et_pb_section][et_pb_section fb_built=&#8221;1&#8243; admin_label=&#8221;Video Section&#8221; module_id=&#8221;nosotros&#8221; _builder_version=&#8221;4.9.10&#8243; use_background_color_gradient=&#8221;on&#8221; background_color_gradient_start=&#8221;#fcd21d&#8221; background_color_gradient_end=&#8221;#ffffff&#8221; background_color_gradient_start_position=&#8221;65%&#8221; background_color_gradient_end_position=&#8221;65%&#8221; custom_padding=&#8221;|||&#8221;][et_pb_row admin_label=&#8221;Video&#8221; _builder_version=&#8221;3.25&#8243; custom_padding=&#8221;0px|0px|0px|0px&#8221; animation_style=&#8221;slide&#8221; animation_direction=&#8221;top&#8221; animation_intensity_slide=&#8221;4%&#8221; animation_starting_opacity=&#8221;100%&#8221; box_shadow_style=&#8221;preset1&#8243; box_shadow_blur=&#8221;77px&#8221;][et_pb_column type=&#8221;4_4&#8243; _builder_version=&#8221;3.25&#8243; custom_padding=&#8221;|||&#8221; custom_padding__hover=&#8221;|||&#8221;][et_pb_image src=&#8221;http:\/\/contacto.solarlatam.com\/wp-content\/uploads\/2021\/07\/2015.png&#8221; align_tablet=&#8221;center&#8221; align_phone=&#8221;&#8221; align_last_edited=&#8221;on|desktop&#8221; _builder_version=&#8221;3.23&#8243;][\/et_pb_image][\/et_pb_column][\/et_pb_row][\/et_pb_section]<\/p>\n","protected":false},"excerpt":{"rendered":"<p>Dejanos tus datos y te confeccionamos una propuesta a medida.\u00a0 En SolarLatam apostamos a que las energ\u00edas renovables cada vez sean m\u00e1s conocidas y est\u00e9n al alcance de las familias y empresas.\u00a0 Nombre y apellido Tel\u00e9fono Localidad Email Quiero recibir informaci\u00f3n sobre Quiero recibir informaci\u00f3n sobreSistema de ahorroGrupo SolarClimatizador de piscinasBombeo SolarMayoristaEmbajador solar Mensaje 5 [&hellip;]<\/p>\n","protected":false},"author":1,"featured_media":0,"parent":0,"menu_order":0,"comment_status":"closed","ping_status":"closed","template":"","meta":{"_et_pb_use_builder":"on","_et_pb_old_content":"","_et_gb_content_width":""},"_links":{"self":[{"href":"https:\/\/contacto.solarlatam.com\/index.php\/wp-json\/wp\/v2\/pages\/6"}],"collection":[{"href":"https:\/\/contacto.solarlatam.com\/index.php\/wp-json\/wp\/v2\/pages"}],"about":[{"href":"https:\/\/contacto.solarlatam.com\/index.php\/wp-json\/wp\/v2\/types\/page"}],"author":[{"embeddable":true,"href":"https:\/\/contacto.solarlatam.com\/index.php\/wp-json\/wp\/v2\/users\/1"}],"replies":[{"embeddable":true,"href":"https:\/\/contacto.solarlatam.com\/index.php\/wp-json\/wp\/v2\/comments?post=6"}],"version-history":[{"count":47,"href":"https:\/\/contacto.solarlatam.com\/index.php\/wp-json\/wp\/v2\/pages\/6\/revisions"}],"predecessor-version":[{"id":150,"href":"https:\/\/contacto.solarlatam.com\/index.php\/wp-json\/wp\/v2\/pages\/6\/revisions\/150"}],"wp:attachment":[{"href":"https:\/\/contacto.solarlatam.com\/index.php\/wp-json\/wp\/v2\/media?parent=6"}],"curies":[{"name":"wp","href":"https:\/\/api.w.org\/{rel}","templated":true}]}}